{"id":1263,"date":"2021-04-25T16:40:18","date_gmt":"2021-04-25T15:40:18","guid":{"rendered":"https:\/\/dsgaluminios.pt\/en\/?page_id=1263"},"modified":"2021-09-14T12:54:23","modified_gmt":"2021-09-14T11:54:23","slug":"politica-de-privacidade","status":"publish","type":"page","link":"https:\/\/dsgaluminios.pt\/en\/politica-de-privacidade\/","title":{"rendered":"Pol\u00edtica de Privacidade"},"content":{"rendered":"\t\t<div data-elementor-type=\"wp-page\" data-elementor-id=\"1263\" class=\"elementor elementor-1263\" data-elementor-settings=\"[]\">\n\t\t\t\t\t\t<div class=\"elementor-inner\">\n\t\t\t\t\t\t\t<div class=\"elementor-section-wrap\">\n\t\t\t\t\t\t\t<section class=\"elementor-section elementor-top-section elementor-element elementor-element-f35ab35 animated-fast elementor-section-boxed elementor-section-height-default elementor-section-height-default elementor-invisible\" data-id=\"f35ab35\" data-element_type=\"section\" data-settings=\"{&quot;animation&quot;:&quot;fadeIn&quot;}\">\n\t\t\t\t\t\t<div class=\"elementor-container elementor-column-gap-no\">\n\t\t\t\t\t\t\t<div class=\"elementor-row\">\n\t\t\t\t\t<div class=\"elementor-column elementor-col-33 elementor-top-column elementor-element elementor-element-bef348a\" data-id=\"bef348a\" data-element_type=\"column\">\n\t\t\t<div class=\"elementor-column-wrap elementor-element-populated\">\n\t\t\t\t\t\t\t<div class=\"elementor-widget-wrap\">\n\t\t\t\t\t\t<div class=\"elementor-element elementor-element-a101e1d elementor-widget elementor-widget-heading\" data-id=\"a101e1d\" data-element_type=\"widget\" data-widget_type=\"heading.default\">\n\t\t\t\t<div class=\"elementor-widget-container\">\n\t\t\t<h2 class=\"elementor-heading-title elementor-size-default\">privacy policy<\/h2>\t\t<\/div>\n\t\t\t\t<\/div>\n\t\t\t\t\t\t<\/div>\n\t\t\t\t\t<\/div>\n\t\t<\/div>\n\t\t\t\t<div class=\"elementor-column elementor-col-66 elementor-top-column elementor-element elementor-element-41086cb\" data-id=\"41086cb\" data-element_type=\"column\" data-settings=\"{&quot;background_background&quot;:&quot;classic&quot;}\">\n\t\t\t<div class=\"elementor-column-wrap elementor-element-populated\">\n\t\t\t\t\t\t\t<div class=\"elementor-widget-wrap\">\n\t\t\t\t\t\t<div class=\"elementor-element elementor-element-957c82a elementor-widget elementor-widget-text-editor\" data-id=\"957c82a\" data-element_type=\"widget\" data-widget_type=\"text-editor.default\">\n\t\t\t\t<div class=\"elementor-widget-container\">\n\t\t\t\t\t\t\t\t<div class=\"elementor-text-editor elementor-clearfix\">\n\t\t\t\t\t<p class=\"MsoNormal\">Your privacy is important to us! <o:p><\/o:p><\/p><p class=\"MsoNormal\">DSG Alum\u00ednios Lda, hereafter referred to as DSG, defends the\nsafeguarding of individual rights, freedoms and guarantees by assuming a\ncommitment of respect for privacy in relation to any information obtained\nthrough our website, based on compliance with current legislation on the\nprotection of personal data, in particular, with Regulation EU 2016\/679 of the\nEuropean Parliament and of the Council of 27 April 2016. DSG ensures that your\npersonal data is secure and is processed with full privacy, confidentiality and\ntransparency.<o:p><\/o:p><\/p><p class=\"MsoNormal\"><b>Information on the website <o:p><\/o:p><\/b><\/p><p class=\"MsoNormal\">All information contained on the DSG website, including\nimages, animations, videos, music and text, is the property of DSG and, as\nsuch, subject to copyright and other intellectual property rights. The\ninformation provided on the website is for informational purposes only and may\nnot be reproduced, distributed, modified or transformed without prior\nauthorization from the DSG. Access to the website does not give Users the right\nor ownership of the intellectual property of the content made available.<o:p><\/o:p><\/p><p class=\"MsoNormal\"><b>Links to external websites <o:p><\/o:p><\/b><\/p><p class=\"MsoNormal\">DSG&#8217;s website contains links to third party websites, both\nnational and international, whose contents are not the responsibility of DSG.\nThis Privacy Policy does not apply to third party websites, so if you access\nthose external websites, you should consult their Privacy Policies.<o:p><\/o:p><\/p><p class=\"MsoNormal\"><b>Data Controller <o:p><\/o:p><\/b><\/p><p class=\"MsoNormal\">DSG, with head office at Rua da Estrada Antiga, No. 89 &#8211; Troporiz,\n4950-800 Mon\u00e7\u00e3o, Portugal, with the email geral@dsgaluminios.pt, is responsible\nfor the treatment of your personal data. The processing of your personal data\nallows, among other purposes, the development and direct marketing of products\nand services that we believe are best suited to the profile and needs of each\ncustomer.<o:p><\/o:p><\/p><p class=\"MsoNormal\"><b>Collection and basis of personal data<o:p><\/o:p><\/b><\/p><p class=\"MsoNormal\">The personal data collected on the site www.dsgaluminios.pt,\nwhen filling out the form available in Contacts is intended exclusively for the\nuse of DSG and will only be used for the following purposes: Communication with\ncustomers and clarification of doubts; Processing of requests for information;\nPreparation and sending of proposals \/ quotes; Direct marketing communications;\nConducting satisfaction surveys on products and services to which you have\naccess as a subscriber and \/ or user. The data requested in the forms must be\ncollected, otherwise we will not be able to provide the requested service. DSG\ndefends the safeguarding of individual rights, freedoms and guarantees in all\ncontexts, assuming a commitment to respect the private life of the Users of its\nwebsite, based on compliance with current legislation on the protection of\npersonal data. We do not share personally identifiable information publicly or\nwith third parties except when required by law.<o:p><\/o:p><\/p><p class=\"MsoNormal\"><b>Use of &#8220;cookies&#8221;<o:p><\/o:p><\/b><\/p><p class=\"MsoNormal\">When data is transferred through the form, on the Contacts\npage, cookies can be set to remember the User details for future\ncorrespondence. This site uses Google Analytics, which is one of the most\nwidespread and trusted analytics solutions on the web, to help us understand\nhow the User uses the site and how we can improve their experience and\nperformance. These cookies can track items such as time spent on the site and\npages visited, so that we can continue to produce content of interest to you.\nFor more information about Google Analytics cookies, please check the official\nGoogle Analytics page. You are free to decline our request for personal\ninformation with the understanding that we may not be able to provide some of\nthe services you desire.<o:p><\/o:p><\/p><p class=\"MsoNormal\"><b>User&#8217;s Commitment<o:p><\/o:p><\/b><\/p><p class=\"MsoNormal\">The user undertakes to make appropriate use of the contents\nand information that DSG offers on the site with an enunciative but not\nlimitative character, i.e: (a) not to engage in activities that are illegal or\ncontrary to good faith and public order; b) Not to cause damage to physical\n(hardware) and logical (software) systems of DSG, its suppliers or third\nparties, through the introduction and dissemination of computer viruses or any\nother hardware or software systems that are capable of causing damage mentioned\nabove.<o:p><\/o:p><\/p><p class=\"MsoNormal\"><b>Users&#8217; Rights<o:p><\/o:p><\/b><\/p><p class=\"MsoNormal\">You may exercise your rights of access, rectification,\ncancellation and opposition to the processing of your personal data, withdraw\nyour consent, request its portability, as well as exercise other rights by\nsending written notice to the headquarters of the company or send email to\ngeral@dsgaluminios.pt. If you are dissatisfied with our use of your personal\ndata or with our response after exercising any of these rights, you have the\nright to lodge a complaint with your supervisory authority (Comiss\u00e3o Nacional\nde Prote\u00e7\u00e3o de Dados &#8211; CNPD | Rua de S\u00e3o Bento, n.\u00ba 148, 3\u00ba, 1200-821 Lisbon |\nTel: 351 213928400 | Fax: +351 213976832 | email: <a href=\"mailto:geral@cnpd.pt\">geral@cnpd.pt<\/a>).<o:p><\/o:p><\/p><p class=\"MsoNormal\"><b>Changes to Privacy Policy<o:p><\/o:p><\/b><\/p><p class=\"MsoNormal\">DSG reserves the right to change its Privacy Policy,\nwhenever necessary, without prior notice. The latest version is the version\npublished online.<o:p><\/o:p><\/p><p class=\"MsoNormal\"><b>More information<o:p><\/o:p><\/b><\/p><p>\n\n\n\n\n\n\n\n\n\n\n\n\n\n\n\n\n\n\n\n\n\n\n\n\n\n\n\n\n\n\n\n\n\n\n\n\n\n<\/p><p class=\"MsoNormal\">We hope to have contributed to the necessary clarifications,\nhowever, in case of doubts, please contact DSG by the means previously\ndisclosed.<o:p><\/o:p><\/p>\t\t\t\t\t<\/div>\n\t\t\t\t\t\t<\/div>\n\t\t\t\t<\/div>\n\t\t\t\t\t\t<\/div>\n\t\t\t\t\t<\/div>\n\t\t<\/div>\n\t\t\t\t\t\t\t\t<\/div>\n\t\t\t\t\t<\/div>\n\t\t<\/section>\n\t\t\t\t\t\t<\/div>\n\t\t\t\t\t\t<\/div>\n\t\t\t\t\t<\/div>\n\t\t","protected":false},"excerpt":{"rendered":"<p>privacy policy Your privacy is important to us! DSG Alum\u00ednios Lda, hereafter referred to as DSG, defends the safeguarding of individual rights, freedoms and guarantees by assuming a commitment of respect for privacy in relation to any information obtained through our website, based on compliance with current legislation on the protection of personal data, in [&hellip;]<\/p>\n","protected":false},"author":1,"featured_media":0,"parent":0,"menu_order":0,"comment_status":"closed","ping_status":"closed","template":"elementor_header_footer","meta":[],"_links":{"self":[{"href":"https:\/\/dsgaluminios.pt\/en\/wp-json\/wp\/v2\/pages\/1263"}],"collection":[{"href":"https:\/\/dsgaluminios.pt\/en\/wp-json\/wp\/v2\/pages"}],"about":[{"href":"https:\/\/dsgaluminios.pt\/en\/wp-json\/wp\/v2\/types\/page"}],"author":[{"embeddable":true,"href":"https:\/\/dsgaluminios.pt\/en\/wp-json\/wp\/v2\/users\/1"}],"replies":[{"embeddable":true,"href":"https:\/\/dsgaluminios.pt\/en\/wp-json\/wp\/v2\/comments?post=1263"}],"version-history":[{"count":13,"href":"https:\/\/dsgaluminios.pt\/en\/wp-json\/wp\/v2\/pages\/1263\/revisions"}],"predecessor-version":[{"id":2830,"href":"https:\/\/dsgaluminios.pt\/en\/wp-json\/wp\/v2\/pages\/1263\/revisions\/2830"}],"wp:attachment":[{"href":"https:\/\/dsgaluminios.pt\/en\/wp-json\/wp\/v2\/media?parent=1263"}],"curies":[{"name":"wp","href":"https:\/\/api.w.org\/{rel}","templated":true}]}}